{"id":1400,"date":"2020-08-12T22:23:55","date_gmt":"2020-08-12T22:23:55","guid":{"rendered":"https:\/\/www.ovyka.com\/confluence-collaboration-software-plugins\/"},"modified":"2024-08-15T14:15:16","modified_gmt":"2024-08-15T14:15:16","slug":"confluence-collaboration-software-plugins","status":"publish","type":"page","link":"https:\/\/www.ovyka.com\/en\/confluence-collaboration-software-plugins\/","title":{"rendered":"Confluence : Collaboration Software &#038; plugins"},"content":{"rendered":"<p>[et_pb_section fb_built=&#8221;1&#8243; admin_label=&#8221;section&#8221; _builder_version=&#8221;4.16&#8243; background_image=&#8221;https:\/\/www.ovyka.com\/wp-content\/uploads\/2018\/08\/network_bg_cropped.jpg&#8221; box_shadow_style=&#8221;preset3&#8243; global_colors_info=&#8221;{}&#8221;][et_pb_row admin_label=&#8221;row&#8221; _builder_version=&#8221;4.16&#8243; background_size=&#8221;initial&#8221; background_position=&#8221;top_left&#8221; background_repeat=&#8221;repeat&#8221; global_colors_info=&#8221;{}&#8221;][et_pb_column type=&#8221;4_4&#8243; _builder_version=&#8221;4.16&#8243; custom_padding=&#8221;|||&#8221; global_colors_info=&#8221;{}&#8221; custom_padding__hover=&#8221;|||&#8221;][et_pb_text _builder_version=&#8221;4.16&#8243; text_font=&#8221;Nunito Sans||||||||&#8221; text_text_color=&#8221;#ffffff&#8221; text_font_size=&#8221;18px&#8221; ul_font=&#8221;||||||||&#8221; header_font=&#8221;Nunito Sans|700|||||||&#8221; header_text_color=&#8221;#ffffff&#8221; header_font_size=&#8221;43px&#8221; header_line_height=&#8221;1.3em&#8221; global_colors_info=&#8221;{}&#8221;]<\/p>\n<h1 class=\"entry-title post-title\" style=\"text-align: center;\">Confluence + Team Calendars + Questions<\/h1>\n<p style=\"text-align: justify;\">Ovyka est votre partenaire Confluence: Ovyka\u00a0int\u00e8gre pour vous Atlassian Confluence, ainsi que toutes les autres solutions Atlassian (Jira Software, Jira Service Desk, Jira Portfolio, Team Calendars, Bitbucket etc.) et vous apporte son expertise et ses best practices pour tous les types d&#8217;usages: gestion documentaire, documentation projet, gestion de requirements, Knowledge base (KB), support, process m\u00e9tiers, d\u00e9veloppement agile ou traditionnel, etc.<\/p>\n<p>[\/et_pb_text][\/et_pb_column][\/et_pb_row][\/et_pb_section][et_pb_section fb_built=&#8221;1&#8243; module_id=&#8221;satisfaction&#8221; _builder_version=&#8221;4.16&#8243; custom_padding=&#8221;0|0px|29px|0px|false|false&#8221; box_shadow_style=&#8221;preset1&#8243; global_colors_info=&#8221;{}&#8221;][et_pb_row _builder_version=&#8221;4.16&#8243; custom_padding=&#8221;0|0px|0|0px|false|false&#8221; global_colors_info=&#8221;{}&#8221;][et_pb_column type=&#8221;4_4&#8243; _builder_version=&#8221;4.16&#8243; custom_padding=&#8221;|||&#8221; global_colors_info=&#8221;{}&#8221; custom_padding__hover=&#8221;|||&#8221;][et_pb_text _builder_version=&#8221;4.16&#8243; text_font=&#8221;||||||||&#8221; header_font=&#8221;Nunito Sans|700|||||||&#8221; header_text_color=&#8221;#535b7c&#8221; header_font_size=&#8221;43px&#8221; header_2_font=&#8221;Nunito Sans|700|||||||&#8221; header_2_text_color=&#8221;#535b7c&#8221; header_2_font_size=&#8221;35px&#8221; header_2_line_height=&#8221;1.3em&#8221; global_colors_info=&#8221;{}&#8221;]<\/p>\n<h2 style=\"text-align: center;\"><\/h2>\n<h2 style=\"text-align: center;\"><\/h2>\n<h2 style=\"text-align: center;\"><\/h2>\n<h2 style=\"text-align: center;\">Ovyka &#8211; int\u00e9grateur Confluence + Team Calendars + Questions<\/h2>\n<p>[\/et_pb_text][\/et_pb_column][\/et_pb_row][\/et_pb_section][et_pb_section fb_built=&#8221;1&#8243; _builder_version=&#8221;4.16&#8243; global_colors_info=&#8221;{}&#8221;][et_pb_row _builder_version=&#8221;4.16&#8243; custom_padding=&#8221;27px|0px|0|0px|false|false&#8221; global_colors_info=&#8221;{}&#8221; column_structure=&#8221;1_2,1_2&#8243;][et_pb_column type=&#8221;1_2&#8243; _builder_version=&#8221;4.16&#8243; custom_padding=&#8221;|||&#8221; global_colors_info=&#8221;{}&#8221; custom_padding__hover=&#8221;|||&#8221;][et_pb_blurb title=&#8221;Confluence&#8221; image=&#8221;https:\/\/www.ovyka.com\/wp-content\/uploads\/2019\/05\/confluence-artboard-5-copy-5@2x.png&#8221; _builder_version=&#8221;4.16&#8243; header_font=&#8221;||||||||&#8221; header_text_align=&#8221;center&#8221; border_color_all_image=&#8221;#eaeaea&#8221; box_shadow_style_image=&#8221;preset1&#8243; global_colors_info=&#8221;{}&#8221;]<\/p>\n<p style=\"text-align: justify;\">Confluence est une solution tr\u00e8s reconnue de Wiki d\u2019entreprise (usage : \u00e9dition collaborative de contenu), utilis\u00e9e par la totalit\u00e9 des entreprises du Fortune 500 et du CAC 40, ainsi que de tr\u00e8s nombreuses PME (50000+ entreprises clientes dans le monde)<\/p>\n<ul>\n<li style=\"text-align: justify;\">Confluence permet de cr\u00e9er des espaces collaboratifs ind\u00e9pendants, priv\u00e9s ou publics, tr\u00e8s simples \u00e0 administrer et \u00e0 \u00e9diter (web 2.0)<\/li>\n<li style=\"text-align: justify;\">Transformez tous les \u00ab lecteurs \u00bb en contributeurs, gr\u00e2ce \u00e0 la facilit\u00e9 d\u2019\u00e9dition des pages (WYSIWYG), l\u2019\u00e9criture de commentaires \u00ab inline \u00bb (dans le texte)<\/li>\n<li style=\"text-align: justify;\">Remplacez les solutions traditionnelles de stockage de documents Office par des pages de contenus riches<\/li>\n<li style=\"text-align: justify;\">Am\u00e9liorez votre travail collaboratif en \u00e9ditant simultan\u00e9ment des pages de contenus, jusqu&#8217;\u00e0 12 personnes<\/li>\n<\/ul>\n<p>Ovyka est un Expert Confluence et vous propose son expertise pour l&#8217;int\u00e9grer selon vos besoins.<\/p>\n<p style=\"text-align: justify;\">\n<p>[\/et_pb_blurb][\/et_pb_column][et_pb_column type=&#8221;1_2&#8243; _builder_version=&#8221;4.16&#8243; custom_padding=&#8221;|||&#8221; global_colors_info=&#8221;{}&#8221; custom_padding__hover=&#8221;|||&#8221;][et_pb_blurb title=&#8221;Gestion des Requirements &#038; Jira Software&#8221; image=&#8221;https:\/\/www.ovyka.com\/wp-content\/uploads\/2019\/05\/JSW-board.png&#8221; _builder_version=&#8221;4.16&#8243; header_font=&#8221;||||||||&#8221; header_text_align=&#8221;center&#8221; border_color_all_image=&#8221;#eaeaea&#8221; box_shadow_style_image=&#8221;preset1&#8243; global_colors_info=&#8221;{}&#8221;]<\/p>\n<p style=\"text-align: justify;\">Jira Software est une solution de ticketing tr\u00e8s personnalisable, et dispose de nombreuses fonctionnalit\u00e9s li\u00e9es aux m\u00e9thodes Agiles: la gestion de backlogs, les Epics, Sprints, les tableaux Scrum et Kanban. De nombreux rapports d\u00e9di\u00e9s sont \u00e9galement int\u00e9gr\u00e9s: v\u00e9locit\u00e9, sprint report, version report. La solution parle nativement avec les autres outils de d\u00e9veloppement (Repositories GIT, CI Jenkins \/ Bamboo, etc.)<\/p>\n<p style=\"text-align: justify;\">Confluence vous permet de g\u00e9n\u00e9rer des pages de requirements qui se transposent en quelques clics en tickets Jira.\u00a0 Vous pouvez donc cr\u00e9er des pages de requirements templatis\u00e9es et construire collaborativement vos expressions de besoins.<\/p>\n<p style=\"text-align: justify;\">[\/et_pb_blurb][\/et_pb_column][\/et_pb_row][et_pb_row _builder_version=&#8221;4.16&#8243; custom_padding=&#8221;27px|0px|0|0px|false|false&#8221; global_colors_info=&#8221;{}&#8221; column_structure=&#8221;1_2,1_2&#8243;][et_pb_column type=&#8221;1_2&#8243; _builder_version=&#8221;4.16&#8243; custom_padding=&#8221;|||&#8221; global_colors_info=&#8221;{}&#8221; custom_padding__hover=&#8221;|||&#8221;][et_pb_blurb title=&#8221;Knowledge Base + Jira Service Management&#8221; image=&#8221;https:\/\/www.ovyka.com\/wp-content\/uploads\/2019\/05\/jsd-overview.png&#8221; _builder_version=&#8221;4.16&#8243; header_font=&#8221;||||||||&#8221; header_text_align=&#8221;center&#8221; border_color_all_image=&#8221;#eaeaea&#8221; box_shadow_style_image=&#8221;preset1&#8243; global_colors_info=&#8221;{}&#8221;]<\/p>\n<p style=\"text-align: justify;\">Jira Service Management est un service desk complet, avec self-service, automatisation, SLAs, mesure de satisfaction. Il est d\u00e9di\u00e9 au support de clients externes ou internes (services rendus au sein de l&#8217;entreprise).<\/p>\n<p style=\"text-align: justify;\">Confluence permet de cr\u00e9er des Knowledge bases internes, ou visibles des clients et li\u00e9es \u00e0 vos customer portals de Jira Service Desk.<\/p>\n<p style=\"text-align: justify;\">Voir le d\u00e9tail de cette solution sur <a href=\"\/jira-service-management\/\"><strong><span style=\"text-decoration: underline;\">cette page d\u00e9di\u00e9e \u00e0 Jira Service Management<\/span><\/strong><\/a>.<\/p>\n<p style=\"text-align: justify;\">\n<p>[\/et_pb_blurb][\/et_pb_column][et_pb_column type=&#8221;1_2&#8243; _builder_version=&#8221;4.16&#8243; custom_padding=&#8221;|||&#8221; global_colors_info=&#8221;{}&#8221; custom_padding__hover=&#8221;|||&#8221;][et_pb_blurb title=&#8221;Edition de page collaborative&#8221; image=&#8221;https:\/\/www.ovyka.com\/wp-content\/uploads\/2019\/05\/confluence-collab-edit2.gif&#8221; _builder_version=&#8221;4.16&#8243; header_font=&#8221;||||||||&#8221; header_text_align=&#8221;center&#8221; border_color_all_image=&#8221;#eaeaea&#8221; box_shadow_style_image=&#8221;preset1&#8243; saved_tabs=&#8221;all&#8221; global_colors_info=&#8221;{}&#8221;]<\/p>\n<p style=\"text-align: justify;\">Am\u00e9liorez votre travail collaboratif en \u00e9ditant simultan\u00e9ment des pages de contenus, jusqu&#8217;\u00e0 12 personnes<\/p>\n<ul><\/ul>\n<p style=\"text-align: justify;\">[\/et_pb_blurb][\/et_pb_column][\/et_pb_row][et_pb_row _builder_version=&#8221;4.16&#8243; custom_padding=&#8221;27px|0px|0|0px|false|false&#8221; global_colors_info=&#8221;{}&#8221; column_structure=&#8221;1_2,1_2&#8243;][et_pb_column type=&#8221;1_2&#8243; _builder_version=&#8221;4.16&#8243; custom_padding=&#8221;|||&#8221; global_colors_info=&#8221;{}&#8221; custom_padding__hover=&#8221;|||&#8221;][et_pb_blurb title=&#8221;Confluence Questions&#8221; image=&#8221;https:\/\/www.ovyka.com\/wp-content\/uploads\/2019\/05\/questions-overview-feature.png&#8221; _builder_version=&#8221;4.16&#8243; header_font=&#8221;||||||||&#8221; header_text_align=&#8221;center&#8221; body_font=&#8221;||||||||&#8221; border_color_all_image=&#8221;#eaeaea&#8221; box_shadow_style_image=&#8221;preset1&#8243; global_colors_info=&#8221;{}&#8221;]<\/p>\n<p style=\"text-align: justify;\">Jira Software est une solution de ticketing tr\u00e8s personnalisable, et dispose de nombreuses fonctionnalit\u00e9s li\u00e9es aux m\u00e9thodes Agiles: la gestion de backlogs, les Epics, Sprints, les tableaux Scrum et Kanban. De nombreux rapports d\u00e9di\u00e9s sont \u00e9galement int\u00e9gr\u00e9s: v\u00e9locit\u00e9, sprint report, version report. La solution parle nativement avec les autres outils de d\u00e9veloppement (Repositories GIT, CI Jenkins \/ Bamboo, etc.)<\/p>\n<p style=\"text-align: justify;\">Confluence vous permet de g\u00e9n\u00e9rer des pages de requirements qui se transposent en quelques clics en tickets Jira.\u00a0 Vous pouvez donc<\/p>\n<p style=\"text-align: justify;\">[\/et_pb_blurb][\/et_pb_column][et_pb_column type=&#8221;1_2&#8243; _builder_version=&#8221;4.16&#8243; custom_padding=&#8221;|||&#8221; global_colors_info=&#8221;{}&#8221; custom_padding__hover=&#8221;|||&#8221;][et_pb_blurb title=&#8221;Team Calendars&#8221; image=&#8221;https:\/\/www.ovyka.com\/wp-content\/uploads\/2019\/05\/teamcalendarsfullpage.png&#8221; _builder_version=&#8221;4.16&#8243; header_font=&#8221;||||||||&#8221; header_text_align=&#8221;center&#8221; border_color_all_image=&#8221;#eaeaea&#8221; box_shadow_style_image=&#8221;preset1&#8243; global_colors_info=&#8221;{}&#8221;]<\/p>\n<p style=\"text-align: justify;\">Team Calendars donne \u00e0 votre \u00e9quipe le moyen de rester organis\u00e9 et de communiquer leur disponibilit\u00e9 via un agenda partag\u00e9 d&#8217;\u00e9v\u00e9nements personnels ou d&#8217;\u00e9quipe. Il int\u00e8gre aussi la possibilit\u00e9 d&#8217;afficher des tickets Jira selon les crit\u00e8res de vos choix (date standard ou champ customis\u00e9)<\/p>\n<p style=\"text-align: justify;\">[\/et_pb_blurb][\/et_pb_column][\/et_pb_row][et_pb_row _builder_version=&#8221;4.16&#8243; global_colors_info=&#8221;{}&#8221; column_structure=&#8221;1_2,1_2&#8243;][et_pb_column type=&#8221;1_2&#8243; _builder_version=&#8221;4.16&#8243; custom_padding=&#8221;|||&#8221; global_colors_info=&#8221;{}&#8221; custom_padding__hover=&#8221;|||&#8221;][et_pb_blurb title=&#8221;Retrouvez facilement votre travail&#8221; image=&#8221;https:\/\/www.ovyka.com\/wp-content\/uploads\/2019\/05\/confluence-recently-worked-on-lozenges.png&#8221; _builder_version=&#8221;4.16&#8243; header_font=&#8221;||||||||&#8221; header_text_align=&#8221;center&#8221; border_color_all_image=&#8221;#eaeaea&#8221; box_shadow_style_image=&#8221;preset1&#8243; global_colors_info=&#8221;{}&#8221;]<\/p>\n<p style=\"text-align: justify;\">Retrouvez les derni\u00e8res pages \u00e9dit\u00e9es, par vous ou vos coll\u00e8gues, ou les derni\u00e8res pages visit\u00e9es, pour reprendre votre travail l\u00e0 o\u00f9 vous en \u00e9tiez sans difficult\u00e9.<\/p>\n<ul><\/ul>\n<p style=\"text-align: justify;\">\n<p>[\/et_pb_blurb][\/et_pb_column][et_pb_column type=&#8221;1_2&#8243; _builder_version=&#8221;4.16&#8243; custom_padding=&#8221;|||&#8221; global_colors_info=&#8221;{}&#8221; custom_padding__hover=&#8221;|||&#8221;][\/et_pb_column][\/et_pb_row][et_pb_row _builder_version=&#8221;4.16&#8243; global_colors_info=&#8221;{}&#8221;][et_pb_column type=&#8221;4_4&#8243; _builder_version=&#8221;4.16&#8243; custom_padding=&#8221;|||&#8221; global_colors_info=&#8221;{}&#8221; custom_padding__hover=&#8221;|||&#8221;][et_pb_text _builder_version=&#8221;4.16&#8243; custom_padding=&#8221;|0px||0px||true&#8221; global_colors_info=&#8221;{}&#8221;]<\/p>\n<p style=\"text-align: justify;\">Dans le cas d&#8217;un projet d&#8217;int\u00e9gration, vous disposerez de votre propre\u00a0espace sur le Jira d&#8217;Ovyka et le Confluence d&#8217;Ovyka, pour l&#8217;acc\u00e8s priv\u00e9 \u00e0 votre documentation projet, le suivi de projet (planning, suivi complet des t\u00e2ches et d\u00e9pendances) et votre support.<\/p>\n<p style=\"text-align: justify;\">Ovyka est aussi \u00e0 votre disposition pour vous aider \u00e0 optimiser l&#8217;utilisation de vos solutions Atlassian. Ovyka propose ses services d&#8217;int\u00e9gration de Jira, Confluence, et autres solutions en France et \u00e0 l&#8217;\u00e9tranger, et vous fait b\u00e9n\u00e9ficier de ses best practices pour chacun de vos besoins. <a href=\"https:\/\/www.ovyka.com\/en\/contact\/\"><strong><span style=\"text-decoration: underline;\">Contactez nous<\/span><\/strong><\/a> pour conseil et support.<\/p>\n<p>[\/et_pb_text][\/et_pb_column][\/et_pb_row][et_pb_row _builder_version=&#8221;4.16&#8243; global_colors_info=&#8221;{}&#8221;][et_pb_column type=&#8221;4_4&#8243; _builder_version=&#8221;4.16&#8243; custom_padding=&#8221;|||&#8221; global_colors_info=&#8221;{}&#8221; custom_padding__hover=&#8221;|||&#8221;][et_pb_button button_url=&#8221;\/contact\/&#8221; button_text=&#8221;Contactez-nous&#8221; button_alignment=&#8221;center&#8221; _builder_version=&#8221;4.16&#8243; custom_button=&#8221;on&#8221; button_text_color=&#8221;#000000&#8243; button_font=&#8221;||||||||&#8221; global_colors_info=&#8221;{}&#8221; button_text_size__hover_enabled=&#8221;off&#8221; button_one_text_size__hover_enabled=&#8221;off&#8221; button_two_text_size__hover_enabled=&#8221;off&#8221; button_text_color__hover_enabled=&#8221;off&#8221; button_one_text_color__hover_enabled=&#8221;off&#8221; button_two_text_color__hover_enabled=&#8221;off&#8221; button_border_width__hover_enabled=&#8221;off&#8221; button_one_border_width__hover_enabled=&#8221;off&#8221; button_two_border_width__hover_enabled=&#8221;off&#8221; button_border_color__hover_enabled=&#8221;off&#8221; button_one_border_color__hover_enabled=&#8221;off&#8221; button_two_border_color__hover_enabled=&#8221;off&#8221; button_border_radius__hover_enabled=&#8221;off&#8221; button_one_border_radius__hover_enabled=&#8221;off&#8221; button_two_border_radius__hover_enabled=&#8221;off&#8221; button_letter_spacing__hover_enabled=&#8221;off&#8221; button_one_letter_spacing__hover_enabled=&#8221;off&#8221; button_two_letter_spacing__hover_enabled=&#8221;off&#8221; button_bg_color__hover_enabled=&#8221;off&#8221; button_one_bg_color__hover_enabled=&#8221;off&#8221; button_two_bg_color__hover_enabled=&#8221;off&#8221;][\/et_pb_button][\/et_pb_column][\/et_pb_row][\/et_pb_section]<\/p>\n","protected":false},"excerpt":{"rendered":"<p>Confluence + Team Calendars + Questions Ovyka est votre partenaire Confluence: Ovyka\u00a0int\u00e8gre pour vous Atlassian Confluence, ainsi que toutes les autres solutions Atlassian (Jira Software, Jira Service Desk, Jira Portfolio, Team Calendars, Bitbucket etc.) et vous apporte son expertise et ses best practices pour tous les types d&#8217;usages: gestion documentaire, documentation projet, gestion de requirements, [&hellip;]<\/p>\n","protected":false},"author":2,"featured_media":0,"parent":0,"menu_order":0,"comment_status":"closed","ping_status":"closed","template":"","meta":{"_et_pb_use_builder":"on","_et_pb_old_content":"","_et_gb_content_width":"","_monsterinsights_skip_tracking":false,"_monsterinsights_sitenote_active":false,"_monsterinsights_sitenote_note":"","_monsterinsights_sitenote_category":0,"footnotes":""},"class_list":["post-1400","page","type-page","status-publish","hentry"],"yoast_head":"<!-- This site is optimized with the Yoast SEO plugin v27.5 - https:\/\/yoast.com\/product\/yoast-seo-wordpress\/ -->\n<title>Confluence : Collaboration Software &amp; plugins - Ovyka<\/title>\n<meta name=\"description\" content=\"Confluence Collaboration Software and main plugin integrations : Team Calendars + Questions\" \/>\n<meta name=\"robots\" content=\"index, follow, max-snippet:-1, max-image-preview:large, max-video-preview:-1\" \/>\n<link rel=\"canonical\" href=\"https:\/\/www.ovyka.com\/en\/confluence-collaboration-software-plugins\/\" \/>\n<meta property=\"og:locale\" content=\"en_US\" \/>\n<meta property=\"og:type\" content=\"article\" \/>\n<meta property=\"og:title\" content=\"Confluence : Collaboration Software &amp; plugins - Ovyka\" \/>\n<meta property=\"og:description\" content=\"Confluence Collaboration Software and main plugin integrations : Team Calendars + Questions\" \/>\n<meta property=\"og:url\" content=\"https:\/\/www.ovyka.com\/en\/confluence-collaboration-software-plugins\/\" \/>\n<meta property=\"og:site_name\" content=\"Ovyka\" \/>\n<meta property=\"article:publisher\" content=\"https:\/\/www.facebook.com\/ovyka.consulting\/\" \/>\n<meta property=\"article:modified_time\" content=\"2024-08-15T14:15:16+00:00\" \/>\n<meta property=\"og:image\" content=\"https:\/\/www.ovyka.com\/wp-content\/uploads\/2019\/03\/2018-10-22-OVYKA-logo-v9.1-slogan-1000px-square-white-bg.png\" \/>\n\t<meta property=\"og:image:width\" content=\"400\" \/>\n\t<meta property=\"og:image:height\" content=\"400\" \/>\n\t<meta property=\"og:image:type\" content=\"image\/png\" \/>\n<meta name=\"twitter:card\" content=\"summary_large_image\" \/>\n<meta name=\"twitter:site\" content=\"@ovyka\" \/>\n<meta name=\"twitter:label1\" content=\"Est. reading time\" \/>\n\t<meta name=\"twitter:data1\" content=\"8 minutes\" \/>\n<script type=\"application\/ld+json\" class=\"yoast-schema-graph\">{\"@context\":\"https:\\\/\\\/schema.org\",\"@graph\":[{\"@type\":\"WebPage\",\"@id\":\"https:\\\/\\\/www.ovyka.com\\\/en\\\/confluence-collaboration-software-plugins\\\/\",\"url\":\"https:\\\/\\\/www.ovyka.com\\\/en\\\/confluence-collaboration-software-plugins\\\/\",\"name\":\"Confluence : Collaboration Software & plugins - Ovyka\",\"isPartOf\":{\"@id\":\"https:\\\/\\\/www.ovyka.com\\\/en\\\/#website\"},\"datePublished\":\"2020-08-12T22:23:55+00:00\",\"dateModified\":\"2024-08-15T14:15:16+00:00\",\"description\":\"Confluence Collaboration Software and main plugin integrations : Team Calendars + Questions\",\"breadcrumb\":{\"@id\":\"https:\\\/\\\/www.ovyka.com\\\/en\\\/confluence-collaboration-software-plugins\\\/#breadcrumb\"},\"inLanguage\":\"en-US\",\"potentialAction\":[{\"@type\":\"ReadAction\",\"target\":[\"https:\\\/\\\/www.ovyka.com\\\/en\\\/confluence-collaboration-software-plugins\\\/\"]}]},{\"@type\":\"BreadcrumbList\",\"@id\":\"https:\\\/\\\/www.ovyka.com\\\/en\\\/confluence-collaboration-software-plugins\\\/#breadcrumb\",\"itemListElement\":[{\"@type\":\"ListItem\",\"position\":1,\"name\":\"Home\",\"item\":\"https:\\\/\\\/www.ovyka.com\\\/en\\\/\"},{\"@type\":\"ListItem\",\"position\":2,\"name\":\"Confluence : Collaboration Software &#038; plugins\"}]},{\"@type\":\"WebSite\",\"@id\":\"https:\\\/\\\/www.ovyka.com\\\/en\\\/#website\",\"url\":\"https:\\\/\\\/www.ovyka.com\\\/en\\\/\",\"name\":\"Ovyka\",\"description\":\"Innovation &amp; IT Strategy\",\"publisher\":{\"@id\":\"https:\\\/\\\/www.ovyka.com\\\/en\\\/#organization\"},\"potentialAction\":[{\"@type\":\"SearchAction\",\"target\":{\"@type\":\"EntryPoint\",\"urlTemplate\":\"https:\\\/\\\/www.ovyka.com\\\/en\\\/?s={search_term_string}\"},\"query-input\":{\"@type\":\"PropertyValueSpecification\",\"valueRequired\":true,\"valueName\":\"search_term_string\"}}],\"inLanguage\":\"en-US\"},{\"@type\":\"Organization\",\"@id\":\"https:\\\/\\\/www.ovyka.com\\\/en\\\/#organization\",\"name\":\"Ovyka\",\"url\":\"https:\\\/\\\/www.ovyka.com\\\/en\\\/\",\"logo\":{\"@type\":\"ImageObject\",\"inLanguage\":\"en-US\",\"@id\":\"https:\\\/\\\/www.ovyka.com\\\/en\\\/#\\\/schema\\\/logo\\\/image\\\/\",\"url\":\"https:\\\/\\\/www.ovyka.com\\\/wp-content\\\/uploads\\\/2019\\\/03\\\/2018-10-22-OVYKA-logo-v9.1-slogan-1000px-square-white-bg.png\",\"contentUrl\":\"https:\\\/\\\/www.ovyka.com\\\/wp-content\\\/uploads\\\/2019\\\/03\\\/2018-10-22-OVYKA-logo-v9.1-slogan-1000px-square-white-bg.png\",\"width\":400,\"height\":400,\"caption\":\"Ovyka\"},\"image\":{\"@id\":\"https:\\\/\\\/www.ovyka.com\\\/en\\\/#\\\/schema\\\/logo\\\/image\\\/\"},\"sameAs\":[\"https:\\\/\\\/www.facebook.com\\\/ovyka.consulting\\\/\",\"https:\\\/\\\/x.com\\\/ovyka\",\"https:\\\/\\\/www.linkedin.com\\\/company\\\/ovyka\\\/\"]}]}<\/script>\n<!-- \/ Yoast SEO plugin. -->","yoast_head_json":{"title":"Confluence : Collaboration Software & plugins - Ovyka","description":"Confluence Collaboration Software and main plugin integrations : Team Calendars + Questions","robots":{"index":"index","follow":"follow","max-snippet":"max-snippet:-1","max-image-preview":"max-image-preview:large","max-video-preview":"max-video-preview:-1"},"canonical":"https:\/\/www.ovyka.com\/en\/confluence-collaboration-software-plugins\/","og_locale":"en_US","og_type":"article","og_title":"Confluence : Collaboration Software & plugins - Ovyka","og_description":"Confluence Collaboration Software and main plugin integrations : Team Calendars + Questions","og_url":"https:\/\/www.ovyka.com\/en\/confluence-collaboration-software-plugins\/","og_site_name":"Ovyka","article_publisher":"https:\/\/www.facebook.com\/ovyka.consulting\/","article_modified_time":"2024-08-15T14:15:16+00:00","og_image":[{"width":400,"height":400,"url":"https:\/\/www.ovyka.com\/wp-content\/uploads\/2019\/03\/2018-10-22-OVYKA-logo-v9.1-slogan-1000px-square-white-bg.png","type":"image\/png"}],"twitter_card":"summary_large_image","twitter_site":"@ovyka","twitter_misc":{"Est. reading time":"8 minutes"},"schema":{"@context":"https:\/\/schema.org","@graph":[{"@type":"WebPage","@id":"https:\/\/www.ovyka.com\/en\/confluence-collaboration-software-plugins\/","url":"https:\/\/www.ovyka.com\/en\/confluence-collaboration-software-plugins\/","name":"Confluence : Collaboration Software & plugins - Ovyka","isPartOf":{"@id":"https:\/\/www.ovyka.com\/en\/#website"},"datePublished":"2020-08-12T22:23:55+00:00","dateModified":"2024-08-15T14:15:16+00:00","description":"Confluence Collaboration Software and main plugin integrations : Team Calendars + Questions","breadcrumb":{"@id":"https:\/\/www.ovyka.com\/en\/confluence-collaboration-software-plugins\/#breadcrumb"},"inLanguage":"en-US","potentialAction":[{"@type":"ReadAction","target":["https:\/\/www.ovyka.com\/en\/confluence-collaboration-software-plugins\/"]}]},{"@type":"BreadcrumbList","@id":"https:\/\/www.ovyka.com\/en\/confluence-collaboration-software-plugins\/#breadcrumb","itemListElement":[{"@type":"ListItem","position":1,"name":"Home","item":"https:\/\/www.ovyka.com\/en\/"},{"@type":"ListItem","position":2,"name":"Confluence : Collaboration Software &#038; plugins"}]},{"@type":"WebSite","@id":"https:\/\/www.ovyka.com\/en\/#website","url":"https:\/\/www.ovyka.com\/en\/","name":"Ovyka","description":"Innovation &amp; IT Strategy","publisher":{"@id":"https:\/\/www.ovyka.com\/en\/#organization"},"potentialAction":[{"@type":"SearchAction","target":{"@type":"EntryPoint","urlTemplate":"https:\/\/www.ovyka.com\/en\/?s={search_term_string}"},"query-input":{"@type":"PropertyValueSpecification","valueRequired":true,"valueName":"search_term_string"}}],"inLanguage":"en-US"},{"@type":"Organization","@id":"https:\/\/www.ovyka.com\/en\/#organization","name":"Ovyka","url":"https:\/\/www.ovyka.com\/en\/","logo":{"@type":"ImageObject","inLanguage":"en-US","@id":"https:\/\/www.ovyka.com\/en\/#\/schema\/logo\/image\/","url":"https:\/\/www.ovyka.com\/wp-content\/uploads\/2019\/03\/2018-10-22-OVYKA-logo-v9.1-slogan-1000px-square-white-bg.png","contentUrl":"https:\/\/www.ovyka.com\/wp-content\/uploads\/2019\/03\/2018-10-22-OVYKA-logo-v9.1-slogan-1000px-square-white-bg.png","width":400,"height":400,"caption":"Ovyka"},"image":{"@id":"https:\/\/www.ovyka.com\/en\/#\/schema\/logo\/image\/"},"sameAs":["https:\/\/www.facebook.com\/ovyka.consulting\/","https:\/\/x.com\/ovyka","https:\/\/www.linkedin.com\/company\/ovyka\/"]}]}},"_links":{"self":[{"href":"https:\/\/www.ovyka.com\/en\/wp-json\/wp\/v2\/pages\/1400","targetHints":{"allow":["GET"]}}],"collection":[{"href":"https:\/\/www.ovyka.com\/en\/wp-json\/wp\/v2\/pages"}],"about":[{"href":"https:\/\/www.ovyka.com\/en\/wp-json\/wp\/v2\/types\/page"}],"author":[{"embeddable":true,"href":"https:\/\/www.ovyka.com\/en\/wp-json\/wp\/v2\/users\/2"}],"replies":[{"embeddable":true,"href":"https:\/\/www.ovyka.com\/en\/wp-json\/wp\/v2\/comments?post=1400"}],"version-history":[{"count":5,"href":"https:\/\/www.ovyka.com\/en\/wp-json\/wp\/v2\/pages\/1400\/revisions"}],"predecessor-version":[{"id":2218,"href":"https:\/\/www.ovyka.com\/en\/wp-json\/wp\/v2\/pages\/1400\/revisions\/2218"}],"wp:attachment":[{"href":"https:\/\/www.ovyka.com\/en\/wp-json\/wp\/v2\/media?parent=1400"}],"curies":[{"name":"wp","href":"https:\/\/api.w.org\/{rel}","templated":true}]}}